{"id":2,"date":"2024-01-12T14:59:59","date_gmt":"2024-01-12T14:59:59","guid":{"rendered":"https:\/\/start.pontoumdigital.com.br\/?page_id=2"},"modified":"2025-01-18T01:47:49","modified_gmt":"2025-01-18T04:47:49","slug":"utilizacao-de-cookies-e-tecnologia-de-monitoramento","status":"publish","type":"page","link":"https:\/\/automacao2000.com.br\/lp\/utilizacao-de-cookies-e-tecnologia-de-monitoramento\/","title":{"rendered":"Utiliza\u00e7\u00e3o de Cookies e Tecnologia de Monitoramento"},"content":{"rendered":"<style>.elementor-2 .elementor-element.elementor-element-6bcf318{--display:flex;--flex-direction:row;--container-widget-width:calc( ( 1 - var( --container-widget-flex-grow ) ) * 100% );--container-widget-height:100%;--container-widget-flex-grow:1;--container-widget-align-self:stretch;--flex-wrap-mobile:wrap;--align-items:stretch;--gap:10px 10px;--row-gap:10px;--column-gap:10px;--margin-top:50px;--margin-bottom:50px;--margin-left:0px;--margin-right:0px;}.elementor-2 .elementor-element.elementor-element-014de1e{--display:flex;--justify-content:center;}.elementor-2 .elementor-element.elementor-element-f1ff1d3 img{width:300px;}.elementor-2 .elementor-element.elementor-element-9beffad{text-align:center;}.elementor-2 .elementor-element.elementor-element-9beffad .elementor-heading-title{font-family:\"Varela Round\", Sans-serif;font-size:34px;font-weight:300;text-transform:uppercase;line-height:1.2em;color:#3d4459;}.elementor-2 .elementor-element.elementor-element-9beffad > .elementor-widget-container{margin:50px 0px 50px 0px;padding:0px 0px 0px 0px;}.elementor-2 .elementor-element.elementor-element-45a7985{font-family:\"Montserrat\", Sans-serif;font-size:16px;font-weight:400;line-height:1.4em;color:#3d4459;}@media(max-width:1024px){.elementor-2 .elementor-element.elementor-element-9beffad .elementor-heading-title{font-size:35px;}.elementor-2 .elementor-element.elementor-element-45a7985{text-align:center;}}@media(max-width:767px){.elementor-2 .elementor-element.elementor-element-9beffad{text-align:center;}.elementor-2 .elementor-element.elementor-element-9beffad .elementor-heading-title{font-size:32px;}.elementor-2 .elementor-element.elementor-element-45a7985{text-align:center;}}<\/style>\t\t<div data-elementor-type=\"wp-page\" data-elementor-id=\"2\" class=\"elementor elementor-2\" data-elementor-post-type=\"page\">\n\t\t\t\t<div class=\"elementor-element elementor-element-6bcf318 e-flex e-con-boxed e-con e-parent\" data-id=\"6bcf318\" data-element_type=\"container\" data-e-type=\"container\">\n\t\t\t\t\t<div class=\"e-con-inner\">\n\t\t<div class=\"elementor-element elementor-element-014de1e e-con-full e-flex e-con e-child\" data-id=\"014de1e\" data-element_type=\"container\" data-e-type=\"container\">\n\t\t\t\t<div class=\"elementor-element elementor-element-f1ff1d3 elementor-widget elementor-widget-image\" data-id=\"f1ff1d3\" data-element_type=\"widget\" data-e-type=\"widget\" data-widget_type=\"image.default\">\n\t\t\t\t<div class=\"elementor-widget-container\">\n\t\t\t\t\t\t\t\t\t\t\t\t\t\t\t<img fetchpriority=\"high\" decoding=\"async\" width=\"800\" height=\"235\" src=\"https:\/\/automacao2000.com.br\/lp\/wp-content\/uploads\/2024\/08\/Logo-horizontal-Ponto-Um-Digital-1024x301.png\" class=\"attachment-large size-large wp-image-15\" alt=\"Ponto Um Digital -Desenvolvimento de Sites e Apps\" srcset=\"https:\/\/automacao2000.com.br\/lp\/wp-content\/uploads\/2024\/08\/Logo-horizontal-Ponto-Um-Digital-1024x301.png 1024w, https:\/\/automacao2000.com.br\/lp\/wp-content\/uploads\/2024\/08\/Logo-horizontal-Ponto-Um-Digital-300x88.png 300w, https:\/\/automacao2000.com.br\/lp\/wp-content\/uploads\/2024\/08\/Logo-horizontal-Ponto-Um-Digital-768x226.png 768w, https:\/\/automacao2000.com.br\/lp\/wp-content\/uploads\/2024\/08\/Logo-horizontal-Ponto-Um-Digital-1536x452.png 1536w, https:\/\/automacao2000.com.br\/lp\/wp-content\/uploads\/2024\/08\/Logo-horizontal-Ponto-Um-Digital-2048x603.png 2048w\" sizes=\"(max-width: 800px) 100vw, 800px\" \/>\t\t\t\t\t\t\t\t\t\t\t\t\t\t\t<\/div>\n\t\t\t\t<\/div>\n\t\t\t\t<div class=\"elementor-element elementor-element-9beffad elementor-widget elementor-widget-heading\" data-id=\"9beffad\" data-element_type=\"widget\" data-e-type=\"widget\" data-widget_type=\"heading.default\">\n\t\t\t\t<div class=\"elementor-widget-container\">\n\t\t\t\t\t<h1 class=\"elementor-heading-title elementor-size-default\">UTILIZA\u00c7\u00c3O DE COOKIES E TECNOLOGIA DE MONITORAMENTO<\/h1>\t\t\t\t<\/div>\n\t\t\t\t<\/div>\n\t\t\t\t<div class=\"elementor-element elementor-element-45a7985 elementor-widget elementor-widget-text-editor\" data-id=\"45a7985\" data-element_type=\"widget\" data-e-type=\"widget\" data-widget_type=\"text-editor.default\">\n\t\t\t\t<div class=\"elementor-widget-container\">\n\t\t\t\t\t\t\t\t\t<p>Vers\u00e3o de: <u>01\/01\/2025<\/u><\/p><p><u>\u00a0<\/u><\/p><p><strong><u>Ponto Um Digital<\/u><\/strong><\/p><p><strong>UTILIZA\u00c7\u00c3O DE COOKIES E TECNOLOGIA DE MONITORAMENTO<\/strong><\/p><p>Podemos utilizar certas tecnologias de monitoramento para coletar as informa\u00e7\u00f5es das atividades realizadas em nosso site de forma automatizada. As informa\u00e7\u00f5es coletadas por meio de tais tecnologias s\u00e3o utilizadas para realizar m\u00e9tricas de performance do site, identificar problemas no uso, captar o comportamento dos Usu\u00e1rios de forma geral e coletar dados de impress\u00e3o de conte\u00fado.<\/p><p>Veja abaixo algumas das tecnologias que poder\u00e3o estar presentes em nosso site:<\/p><p><strong>Cookies:<\/strong> cookie \u00e9 um pequeno arquivo adicionado ao dispositivo do Usu\u00e1rio para fornecer uma experi\u00eancia personalizada de acesso \u00e0 plataforma. Os cookies ajudam a analisar o tr\u00e1fego de internet e nos permite saber quando o Usu\u00e1rio visitou um site espec\u00edfico. Um cookie n\u00e3o d\u00e1 acesso a um computador ou revela informa\u00e7\u00f5es al\u00e9m dos dados que o usu\u00e1rio escolhe compartilhar conosco.<\/p><p><strong>Pixels:<\/strong> pixels s\u00e3o partes do c\u00f3digo JavaScript instalados adicionados em nosso website ou no corpo de um e-mail, com a finalidade de rastrear coletar informa\u00e7\u00f5es sobre as atividades dos usu\u00e1rios, permitindo a identifica\u00e7\u00e3o dos seus padr\u00f5es de acesso, navega\u00e7\u00e3o, interesse e compras de produtos, e otimizando utilizados para otimizar o direcionamento de conte\u00fado.<\/p><p><strong>Ferramentas de analytics:<\/strong> essas ferramentas podem coletar informa\u00e7\u00f5es sobre a forma como os Usu\u00e1rios visitam nosso site, quais p\u00e1ginas eles visitam e quando visitam tais p\u00e1ginas, outros sites que foram visitados antes, entre outras.<\/p><p><strong>Como rejeitar Cookies:<\/strong><\/p><p>\u00c9 poss\u00edvel que voc\u00ea gerencie prefer\u00eancias de Cookies e outras tecnologias semelhantes a partir da configura\u00e7\u00e3o de seu navegador, recusando ou excluindo alguns deles. No entanto, essa op\u00e7\u00e3o poder\u00e1 comprometer os Servi\u00e7os da <u>&#8220;<strong>Ponto Um Digital<\/strong>&#8220;<\/u> ou impedir o funcionamento de determinadas funcionalidades que integram os Servi\u00e7os.<\/p><p><strong>Observa\u00e7\u00e3o 1:<\/strong> Voc\u00ea pode desabilitar o(s) Cookie(s) mudando as configura\u00e7\u00f5es do seu navegador, mas saiba que isso pode prejudicar o desempenho do no nosso site em seu aparelho.<\/p><p><strong>Observa\u00e7\u00e3o 2:<\/strong> Nossos Cookies s\u00e3o melhores utilizados nos seguintes navegadores e sistemas:<\/p><p>-Google Chrome<\/p><p>-Firefox<\/p><p>-Microsoft Edge \/ Internet Explorer<\/p><p>-Android<\/p><p>-IOS<\/p><p>Clique em &#8216;Ajuda&#8217;, nas configura\u00e7\u00f5es do seu navegador, para saber como impedi-lo de aceitar cookies e para ser notificado quando receber novos; para ver quando eles expiram e para desativ\u00e1-los. Nos links abaixo voc\u00ea encontra mais detalhes sobre como desativar os cookies dos navegadores mais populares:<\/p><ul><li>Google Chrome<\/li><\/ul><p><u>https:\/\/support.google.com\/chrome\/answer\/95647?co=GENIE.Platform%3DDesktop&amp;oco=1&amp;hl=pt-BR<\/u><\/p><ul><li>Mozilla Firefox<\/li><\/ul><p><u>https:\/\/support.mozilla.org\/pt-BR\/kb\/gerencie-configuracoes-de-armazenamento-local-de-s<\/u><\/p><ul><li>Safari<\/li><\/ul><p><u>https:\/\/support.apple.com\/pt-br\/guide\/safari\/sfri11471\/mac<\/u><\/p><ul><li>Internet Explorer<\/li><\/ul><p><u>https:\/\/support.microsoft.com\/pt-br\/windows\/excluir-e-gerenciar-cookies-168dab11-0753-043d-7c16-ede5947fc64d<\/u><\/p><ul><li>Microsoft Edge<\/li><\/ul><p><u>https:\/\/support.microsoft.com\/pt-br\/microsoft-edge\/excluir-cookies-no-microsoft-edge-63947406-40ac-c3b8-57b9-2a946a29ae09<\/u><\/p><p>Opera<\/p><p><u>https:\/\/help.opera.com\/en\/latest\/web-preferences\/#cookies<\/u><\/p><p>Voc\u00ea pode obter mais informa\u00e7\u00f5es acessando a nossa <a href=\"https:\/\/delivery.pontoumdigital.com.br\/politica-de-privacidade\/\" target=\"_blank\" rel=\"noopener\"><u>Pol\u00edtica de Privacidade<\/u><\/a>.<\/p><p>Qualquer desconformidade com as declara\u00e7\u00f5es apresentadas, por favor, informe-nos atrav\u00e9s do canal: <u>&#8220;<strong><a href=\"mailto:lgpd@pontoumdigital.com.br\" target=\"_blank\" rel=\"noopener\">lgpd@pontoumdigital.com.br<\/a><\/strong>&#8220;<\/u>.<\/p>\t\t\t\t\t\t\t\t<\/div>\n\t\t\t\t<\/div>\n\t\t\t\t<\/div>\n\t\t\t\t\t<\/div>\n\t\t\t\t<\/div>\n\t\t\t\t<\/div>\n\t\t","protected":false},"excerpt":{"rendered":"<p>UTILIZA\u00c7\u00c3O DE COOKIES E TECNOLOGIA DE MONITORAMENTO Vers\u00e3o de: 01\/01\/2025 \u00a0 Ponto Um Digital UTILIZA\u00c7\u00c3O DE COOKIES E TECNOLOGIA DE MONITORAMENTO Podemos utilizar certas tecnologias de monitoramento para coletar as informa\u00e7\u00f5es das atividades realizadas em nosso site de forma automatizada. As informa\u00e7\u00f5es coletadas por meio de tais tecnologias s\u00e3o utilizadas para realizar m\u00e9tricas de performance [&hellip;]<\/p>\n","protected":false},"author":1,"featured_media":0,"parent":0,"menu_order":0,"comment_status":"closed","ping_status":"closed","template":"elementor_canvas","meta":{"footnotes":""},"class_list":["post-2","page","type-page","status-publish","hentry"],"yoast_head":"<!-- This site is optimized with the Yoast SEO plugin v27.4 - https:\/\/yoast.com\/product\/yoast-seo-wordpress\/ -->\n<title>Utiliza\u00e7\u00e3o de Cookies e Tecnologia de Monitoramento - Automa\u00e7\u00e3o 2000<\/title>\n<meta name=\"robots\" content=\"noindex, follow, max-snippet:-1, max-image-preview:large, max-video-preview:-1\" \/>\n<meta property=\"og:locale\" content=\"pt_BR\" \/>\n<meta property=\"og:type\" content=\"article\" \/>\n<meta property=\"og:title\" content=\"Utiliza\u00e7\u00e3o de Cookies e Tecnologia de Monitoramento - Automa\u00e7\u00e3o 2000\" \/>\n<meta property=\"og:description\" content=\"UTILIZA\u00c7\u00c3O DE COOKIES E TECNOLOGIA DE MONITORAMENTO Vers\u00e3o de: 01\/01\/2025 \u00a0 Ponto Um Digital UTILIZA\u00c7\u00c3O DE COOKIES E TECNOLOGIA DE MONITORAMENTO Podemos utilizar certas tecnologias de monitoramento para coletar as informa\u00e7\u00f5es das atividades realizadas em nosso site de forma automatizada. As informa\u00e7\u00f5es coletadas por meio de tais tecnologias s\u00e3o utilizadas para realizar m\u00e9tricas de performance [&hellip;]\" \/>\n<meta property=\"og:url\" content=\"https:\/\/automacao2000.com.br\/lp\/utilizacao-de-cookies-e-tecnologia-de-monitoramento\/\" \/>\n<meta property=\"og:site_name\" content=\"Automa\u00e7\u00e3o 2000\" \/>\n<meta property=\"article:modified_time\" content=\"2025-01-18T04:47:49+00:00\" \/>\n<meta property=\"og:image\" content=\"https:\/\/automacao2000.com.br\/lp\/wp-content\/uploads\/2024\/08\/Logo-horizontal-Ponto-Um-Digital-1024x301.png\" \/>\n<meta name=\"twitter:card\" content=\"summary_large_image\" \/>\n<meta name=\"twitter:label1\" content=\"Est. tempo de leitura\" \/>\n\t<meta name=\"twitter:data1\" content=\"3 minutos\" \/>\n<script type=\"application\/ld+json\" class=\"yoast-schema-graph\">{\"@context\":\"https:\\\/\\\/schema.org\",\"@graph\":[{\"@type\":\"WebPage\",\"@id\":\"https:\\\/\\\/automacao2000.com.br\\\/lp\\\/utilizacao-de-cookies-e-tecnologia-de-monitoramento\\\/\",\"url\":\"https:\\\/\\\/automacao2000.com.br\\\/lp\\\/utilizacao-de-cookies-e-tecnologia-de-monitoramento\\\/\",\"name\":\"Utiliza\u00e7\u00e3o de Cookies e Tecnologia de Monitoramento - Automa\u00e7\u00e3o 2000\",\"isPartOf\":{\"@id\":\"https:\\\/\\\/automacao2000.com.br\\\/lp\\\/#website\"},\"primaryImageOfPage\":{\"@id\":\"https:\\\/\\\/automacao2000.com.br\\\/lp\\\/utilizacao-de-cookies-e-tecnologia-de-monitoramento\\\/#primaryimage\"},\"image\":{\"@id\":\"https:\\\/\\\/automacao2000.com.br\\\/lp\\\/utilizacao-de-cookies-e-tecnologia-de-monitoramento\\\/#primaryimage\"},\"thumbnailUrl\":\"https:\\\/\\\/automacao2000.com.br\\\/lp\\\/wp-content\\\/uploads\\\/2024\\\/08\\\/Logo-horizontal-Ponto-Um-Digital-1024x301.png\",\"datePublished\":\"2024-01-12T14:59:59+00:00\",\"dateModified\":\"2025-01-18T04:47:49+00:00\",\"breadcrumb\":{\"@id\":\"https:\\\/\\\/automacao2000.com.br\\\/lp\\\/utilizacao-de-cookies-e-tecnologia-de-monitoramento\\\/#breadcrumb\"},\"inLanguage\":\"pt-BR\",\"potentialAction\":[{\"@type\":\"ReadAction\",\"target\":[\"https:\\\/\\\/automacao2000.com.br\\\/lp\\\/utilizacao-de-cookies-e-tecnologia-de-monitoramento\\\/\"]}]},{\"@type\":\"ImageObject\",\"inLanguage\":\"pt-BR\",\"@id\":\"https:\\\/\\\/automacao2000.com.br\\\/lp\\\/utilizacao-de-cookies-e-tecnologia-de-monitoramento\\\/#primaryimage\",\"url\":\"https:\\\/\\\/automacao2000.com.br\\\/lp\\\/wp-content\\\/uploads\\\/2024\\\/08\\\/Logo-horizontal-Ponto-Um-Digital.png\",\"contentUrl\":\"https:\\\/\\\/automacao2000.com.br\\\/lp\\\/wp-content\\\/uploads\\\/2024\\\/08\\\/Logo-horizontal-Ponto-Um-Digital.png\",\"width\":2403,\"height\":707,\"caption\":\"Ponto Um Digital -Desenvolvimento de Sites e Apps\"},{\"@type\":\"BreadcrumbList\",\"@id\":\"https:\\\/\\\/automacao2000.com.br\\\/lp\\\/utilizacao-de-cookies-e-tecnologia-de-monitoramento\\\/#breadcrumb\",\"itemListElement\":[{\"@type\":\"ListItem\",\"position\":1,\"name\":\"In\u00edcio\",\"item\":\"https:\\\/\\\/automacao2000.com.br\\\/lp\\\/\"},{\"@type\":\"ListItem\",\"position\":2,\"name\":\"Utiliza\u00e7\u00e3o de Cookies e Tecnologia de Monitoramento\"}]},{\"@type\":\"WebSite\",\"@id\":\"https:\\\/\\\/automacao2000.com.br\\\/lp\\\/#website\",\"url\":\"https:\\\/\\\/automacao2000.com.br\\\/lp\\\/\",\"name\":\"Automa\u00e7\u00e3o 2000\",\"description\":\"Tecnologia sob medida para o Varejo.\",\"publisher\":{\"@id\":\"https:\\\/\\\/automacao2000.com.br\\\/lp\\\/#organization\"},\"potentialAction\":[{\"@type\":\"SearchAction\",\"target\":{\"@type\":\"EntryPoint\",\"urlTemplate\":\"https:\\\/\\\/automacao2000.com.br\\\/lp\\\/?s={search_term_string}\"},\"query-input\":{\"@type\":\"PropertyValueSpecification\",\"valueRequired\":true,\"valueName\":\"search_term_string\"}}],\"inLanguage\":\"pt-BR\"},{\"@type\":\"Organization\",\"@id\":\"https:\\\/\\\/automacao2000.com.br\\\/lp\\\/#organization\",\"name\":\"Automa\u00e7\u00e3o 2000\",\"url\":\"https:\\\/\\\/automacao2000.com.br\\\/lp\\\/\",\"logo\":{\"@type\":\"ImageObject\",\"inLanguage\":\"pt-BR\",\"@id\":\"https:\\\/\\\/automacao2000.com.br\\\/lp\\\/#\\\/schema\\\/logo\\\/image\\\/\",\"url\":\"https:\\\/\\\/automacao2000.com.br\\\/lp\\\/wp-content\\\/uploads\\\/2025\\\/10\\\/cropped-Logo-Automacao-2000-e1760365778532.webp\",\"contentUrl\":\"https:\\\/\\\/automacao2000.com.br\\\/lp\\\/wp-content\\\/uploads\\\/2025\\\/10\\\/cropped-Logo-Automacao-2000-e1760365778532.webp\",\"width\":441,\"height\":222,\"caption\":\"Automa\u00e7\u00e3o 2000\"},\"image\":{\"@id\":\"https:\\\/\\\/automacao2000.com.br\\\/lp\\\/#\\\/schema\\\/logo\\\/image\\\/\"}}]}<\/script>\n<!-- \/ Yoast SEO plugin. -->","yoast_head_json":{"title":"Utiliza\u00e7\u00e3o de Cookies e Tecnologia de Monitoramento - Automa\u00e7\u00e3o 2000","robots":{"index":"noindex","follow":"follow","max-snippet":"max-snippet:-1","max-image-preview":"max-image-preview:large","max-video-preview":"max-video-preview:-1"},"og_locale":"pt_BR","og_type":"article","og_title":"Utiliza\u00e7\u00e3o de Cookies e Tecnologia de Monitoramento - Automa\u00e7\u00e3o 2000","og_description":"UTILIZA\u00c7\u00c3O DE COOKIES E TECNOLOGIA DE MONITORAMENTO Vers\u00e3o de: 01\/01\/2025 \u00a0 Ponto Um Digital UTILIZA\u00c7\u00c3O DE COOKIES E TECNOLOGIA DE MONITORAMENTO Podemos utilizar certas tecnologias de monitoramento para coletar as informa\u00e7\u00f5es das atividades realizadas em nosso site de forma automatizada. As informa\u00e7\u00f5es coletadas por meio de tais tecnologias s\u00e3o utilizadas para realizar m\u00e9tricas de performance [&hellip;]","og_url":"https:\/\/automacao2000.com.br\/lp\/utilizacao-de-cookies-e-tecnologia-de-monitoramento\/","og_site_name":"Automa\u00e7\u00e3o 2000","article_modified_time":"2025-01-18T04:47:49+00:00","og_image":[{"url":"https:\/\/automacao2000.com.br\/lp\/wp-content\/uploads\/2024\/08\/Logo-horizontal-Ponto-Um-Digital-1024x301.png","type":"","width":"","height":""}],"twitter_card":"summary_large_image","twitter_misc":{"Est. tempo de leitura":"3 minutos"},"schema":{"@context":"https:\/\/schema.org","@graph":[{"@type":"WebPage","@id":"https:\/\/automacao2000.com.br\/lp\/utilizacao-de-cookies-e-tecnologia-de-monitoramento\/","url":"https:\/\/automacao2000.com.br\/lp\/utilizacao-de-cookies-e-tecnologia-de-monitoramento\/","name":"Utiliza\u00e7\u00e3o de Cookies e Tecnologia de Monitoramento - Automa\u00e7\u00e3o 2000","isPartOf":{"@id":"https:\/\/automacao2000.com.br\/lp\/#website"},"primaryImageOfPage":{"@id":"https:\/\/automacao2000.com.br\/lp\/utilizacao-de-cookies-e-tecnologia-de-monitoramento\/#primaryimage"},"image":{"@id":"https:\/\/automacao2000.com.br\/lp\/utilizacao-de-cookies-e-tecnologia-de-monitoramento\/#primaryimage"},"thumbnailUrl":"https:\/\/automacao2000.com.br\/lp\/wp-content\/uploads\/2024\/08\/Logo-horizontal-Ponto-Um-Digital-1024x301.png","datePublished":"2024-01-12T14:59:59+00:00","dateModified":"2025-01-18T04:47:49+00:00","breadcrumb":{"@id":"https:\/\/automacao2000.com.br\/lp\/utilizacao-de-cookies-e-tecnologia-de-monitoramento\/#breadcrumb"},"inLanguage":"pt-BR","potentialAction":[{"@type":"ReadAction","target":["https:\/\/automacao2000.com.br\/lp\/utilizacao-de-cookies-e-tecnologia-de-monitoramento\/"]}]},{"@type":"ImageObject","inLanguage":"pt-BR","@id":"https:\/\/automacao2000.com.br\/lp\/utilizacao-de-cookies-e-tecnologia-de-monitoramento\/#primaryimage","url":"https:\/\/automacao2000.com.br\/lp\/wp-content\/uploads\/2024\/08\/Logo-horizontal-Ponto-Um-Digital.png","contentUrl":"https:\/\/automacao2000.com.br\/lp\/wp-content\/uploads\/2024\/08\/Logo-horizontal-Ponto-Um-Digital.png","width":2403,"height":707,"caption":"Ponto Um Digital -Desenvolvimento de Sites e Apps"},{"@type":"BreadcrumbList","@id":"https:\/\/automacao2000.com.br\/lp\/utilizacao-de-cookies-e-tecnologia-de-monitoramento\/#breadcrumb","itemListElement":[{"@type":"ListItem","position":1,"name":"In\u00edcio","item":"https:\/\/automacao2000.com.br\/lp\/"},{"@type":"ListItem","position":2,"name":"Utiliza\u00e7\u00e3o de Cookies e Tecnologia de Monitoramento"}]},{"@type":"WebSite","@id":"https:\/\/automacao2000.com.br\/lp\/#website","url":"https:\/\/automacao2000.com.br\/lp\/","name":"Automa\u00e7\u00e3o 2000","description":"Tecnologia sob medida para o Varejo.","publisher":{"@id":"https:\/\/automacao2000.com.br\/lp\/#organization"},"potentialAction":[{"@type":"SearchAction","target":{"@type":"EntryPoint","urlTemplate":"https:\/\/automacao2000.com.br\/lp\/?s={search_term_string}"},"query-input":{"@type":"PropertyValueSpecification","valueRequired":true,"valueName":"search_term_string"}}],"inLanguage":"pt-BR"},{"@type":"Organization","@id":"https:\/\/automacao2000.com.br\/lp\/#organization","name":"Automa\u00e7\u00e3o 2000","url":"https:\/\/automacao2000.com.br\/lp\/","logo":{"@type":"ImageObject","inLanguage":"pt-BR","@id":"https:\/\/automacao2000.com.br\/lp\/#\/schema\/logo\/image\/","url":"https:\/\/automacao2000.com.br\/lp\/wp-content\/uploads\/2025\/10\/cropped-Logo-Automacao-2000-e1760365778532.webp","contentUrl":"https:\/\/automacao2000.com.br\/lp\/wp-content\/uploads\/2025\/10\/cropped-Logo-Automacao-2000-e1760365778532.webp","width":441,"height":222,"caption":"Automa\u00e7\u00e3o 2000"},"image":{"@id":"https:\/\/automacao2000.com.br\/lp\/#\/schema\/logo\/image\/"}}]}},"_links":{"self":[{"href":"https:\/\/automacao2000.com.br\/lp\/wp-json\/wp\/v2\/pages\/2","targetHints":{"allow":["GET"]}}],"collection":[{"href":"https:\/\/automacao2000.com.br\/lp\/wp-json\/wp\/v2\/pages"}],"about":[{"href":"https:\/\/automacao2000.com.br\/lp\/wp-json\/wp\/v2\/types\/page"}],"author":[{"embeddable":true,"href":"https:\/\/automacao2000.com.br\/lp\/wp-json\/wp\/v2\/users\/1"}],"replies":[{"embeddable":true,"href":"https:\/\/automacao2000.com.br\/lp\/wp-json\/wp\/v2\/comments?post=2"}],"version-history":[{"count":3,"href":"https:\/\/automacao2000.com.br\/lp\/wp-json\/wp\/v2\/pages\/2\/revisions"}],"predecessor-version":[{"id":471,"href":"https:\/\/automacao2000.com.br\/lp\/wp-json\/wp\/v2\/pages\/2\/revisions\/471"}],"wp:attachment":[{"href":"https:\/\/automacao2000.com.br\/lp\/wp-json\/wp\/v2\/media?parent=2"}],"curies":[{"name":"wp","href":"https:\/\/api.w.org\/{rel}","templated":true}]}}